{"id":242,"date":"2014-02-18T16:23:45","date_gmt":"2014-02-18T14:23:45","guid":{"rendered":"http:\/\/www.ticat.at\/OEGV2\/?page_id=242"},"modified":"2019-01-30T09:10:14","modified_gmt":"2019-01-30T08:10:14","slug":"oegv-vertreter","status":"publish","type":"page","link":"http:\/\/www.oegv.or.at\/?page_id=242","title":{"rendered":"\u00d6GV Vertreter"},"content":{"rendered":"<p><strong>\u00d6GV-Vertreter in der IUVSTA f\u00fcr das Triennium 2019 &#8211; 2022<br \/>\n<\/strong><\/p>\n<p><strong>Applied Surface Science:<\/strong><br \/>\nProf. Dr. Wolfgang Werner<br \/>\nTechnische Universit\u00e4t Wien<br \/>\nwerner@iap.tuwien.ac.at<\/p>\n<p><strong><strong>Biointerface:<\/strong><br \/>\n<\/strong>Dr. Robert Schennach<br \/>\nTechnische Universit\u00e4t Graz<br \/>\nrobert.schennach@tugraz.at<\/p>\n<p><strong>Electronic Materials:<\/strong><br \/>\nProf. Dr. G\u00fcnther Springholz<br \/>\nJohannes Kepler Universit\u00e4t Linz<br \/>\ngunther.springholz@jku.at<\/p>\n<p><strong>Nanometer Structures:<\/strong><br \/>\nProf. Dr. Christian Teichert<br \/>\nMontanuniversit\u00e4t Leoben<br \/>\nteichert@unileoben.ac.at<\/p>\n<p><strong>Plasma Science:<\/strong><br \/>\nProf. Dr. Johann Laimer<br \/>\nTechnische Universit\u00e4t Wien<br \/>\nlaimer@iap.tuwien.ac.at<\/p>\n<p><strong>Surface Engineering:<\/strong><br \/>\nDr. Robert Franz<br \/>\nMontanuniversit\u00e4t Leoben<br \/>\nrobert.franz@unileoben.ac.at<\/p>\n<p><strong>Surface Science:<\/strong><br \/>\nAssociate Prof. PhD Gareth Parkinson<br \/>\nTechnische Universit\u00e4t Wien<br \/>\nparkinson@iap.tuwien.ac.at<\/p>\n<p><strong>Thin Film:<\/strong><br \/>\nProf. Dr. Anna Maria Coclite<br \/>\nTechnische Universit\u00e4t Graz<br \/>\nanna.coclite@tugraz.at<\/p>\n<p><strong>Vacuum Science:<\/strong><br \/>\nProf. Dr. Manfred Leisch<br \/>\nTechnische Universit\u00e4t Graz<br \/>\nm.leisch@tugraz.at<\/p>\n<p><strong>\u00d6GV-Vertreter im Executive Council der IUVSTA f\u00fcr das Triennium 2019 &#8211; 2022<\/strong><\/p>\n<p><strong>Councillor:<\/strong><br \/>\nProf. Dr. Manfred Leisch<br \/>\nTechnische Universit\u00e4t Graz<br \/>\nm.leisch@tugraz.at<\/p>\n<p><strong>Alternate Councillor:<\/strong><br \/>\nProf. Dr. Wolfgang Werner<br \/>\nTechnische Universit\u00e4t Wien<br \/>\nwerner@iap.tuwien.ac.at<\/p>\n<div style=\"left: 480.203px; top: 1319.76px; font-size: 20px; font-family: sans-serif; transform: scaleX(0.874878);\"><\/div>\n","protected":false},"excerpt":{"rendered":"<p>\u00d6GV-Vertreter in der IUVSTA f\u00fcr das Triennium 2019 &#8211; 2022 Applied Surface Science: Prof. Dr. Wolfgang Werner Technische Universit\u00e4t Wien werner@iap.tuwien.ac.at Biointerface: Dr. Robert Schennach Technische Universit\u00e4t Graz robert.schennach@tugraz.at Electronic Materials: Prof. Dr. G\u00fcnther Springholz Johannes Kepler Universit\u00e4t Linz gunther.springholz@jku.at Nanometer Structures: Prof. Dr. Christian Teichert Montanuniversit\u00e4t Leoben teichert@unileoben.ac.at Plasma Science: Prof. Dr. Johann Laimer [&hellip;]<\/p>\n","protected":false},"author":1,"featured_media":0,"parent":0,"menu_order":0,"comment_status":"closed","ping_status":"closed","template":"","meta":{"footnotes":""},"class_list":["post-242","page","type-page","status-publish","hentry"],"_links":{"self":[{"href":"http:\/\/www.oegv.or.at\/index.php?rest_route=\/wp\/v2\/pages\/242","targetHints":{"allow":["GET"]}}],"collection":[{"href":"http:\/\/www.oegv.or.at\/index.php?rest_route=\/wp\/v2\/pages"}],"about":[{"href":"http:\/\/www.oegv.or.at\/index.php?rest_route=\/wp\/v2\/types\/page"}],"author":[{"embeddable":true,"href":"http:\/\/www.oegv.or.at\/index.php?rest_route=\/wp\/v2\/users\/1"}],"replies":[{"embeddable":true,"href":"http:\/\/www.oegv.or.at\/index.php?rest_route=%2Fwp%2Fv2%2Fcomments&post=242"}],"version-history":[{"count":10,"href":"http:\/\/www.oegv.or.at\/index.php?rest_route=\/wp\/v2\/pages\/242\/revisions"}],"predecessor-version":[{"id":807,"href":"http:\/\/www.oegv.or.at\/index.php?rest_route=\/wp\/v2\/pages\/242\/revisions\/807"}],"wp:attachment":[{"href":"http:\/\/www.oegv.or.at\/index.php?rest_route=%2Fwp%2Fv2%2Fmedia&parent=242"}],"curies":[{"name":"wp","href":"https:\/\/api.w.org\/{rel}","templated":true}]}}