{"id":543,"date":"2016-01-22T10:27:08","date_gmt":"2016-01-22T09:27:08","guid":{"rendered":"http:\/\/www.oegv.or.at\/?page_id=543"},"modified":"2016-01-22T14:49:50","modified_gmt":"2016-01-22T13:49:50","slug":"lehrveranstaltungen","status":"publish","type":"page","link":"http:\/\/www.oegv.or.at\/?page_id=543","title":{"rendered":"Lehrveranstaltungen"},"content":{"rendered":"<p style=\"text-align: justify;\"><strong>Weiterbildung<\/strong><br \/>\n\u00d6GV-Mitglieder bieten im Rahmen ihrer Lehrt\u00e4tigkeit zahlreiche Lehrveranstaltungen an \u00f6sterreichischen Universit\u00e4ten an.<\/p>\n<p style=\"text-align: justify;\">Sie finden nachstehend eine Auswahl. Bei Bedarf k\u00f6nnen ausgew\u00e4hlte Lehrinhalte auch in individuellen Kursen angeboten werden. Bei Interesse kontaktieren Sie bitte den Lehrveranstaltungsleiter oder den \u00d6GV-Vorstand.<\/p>\n<p style=\"text-align: justify;\"><em>Montanuniversit\u00e4t Leoben<\/em><\/p>\n<table class=\" alignleft\" style=\"height: 198px; width: 886px;\" width=\"726\">\n<tbody>\n<tr>\n<td>Dr. Robert Franz<\/td>\n<td>Plasmatechnologie: Grundlagen und Anwendungen<\/td>\n<td><a href=\"%20https:\/\/online.unileoben.ac.at\/mu_online\/lv.detail?clvnr=3181817 http:\/\/\" target=\"_blank\">\u00a0https:\/\/online.unileoben.ac.at\/mu_online\/lv.detail?clvnr=3181817 <\/a><\/td>\n<\/tr>\n<tr>\n<td>Dr. Nina Schalk<\/td>\n<td>Oberfl\u00e4chentechnik<\/td>\n<td><a href=\"%20 https:\/\/online.unileoben.ac.at\/mu_online\/lv.detail?clvnr=3183333 \" target=\"_blank\">\u00a0https:\/\/online.unileoben.ac.at\/mu_online\/lv.detail?clvnr=3183333 <\/a><\/td>\n<\/tr>\n<tr>\n<td>Prof. Dr. Rostislav Daniel<\/td>\n<td>Theoretische und praktische Aspekte der Nanoindentation<\/td>\n<td><a href=\"https:\/\/online.unileoben.ac.at\/mu_online\/lv.detail?clvnr=3181835\" target=\"_blank\">https:\/\/online.unileoben.ac.at\/mu_online\/lv.detail?clvnr=3181835<\/a><\/td>\n<\/tr>\n<tr>\n<td>Prof. Christian Teichert<\/td>\n<td>Einf\u00fchrung in die Oberfl\u00e4chen- und D\u00fcnnschichtprozesse<\/td>\n<td><a href=\"https:\/\/online.unileoben.ac.at\/mu_online\/lv.detail?clvnr=3181752%20\" target=\"_blank\">https:\/\/online.unileoben.ac.at\/mu_online\/lv.detail?clvnr=3181752 <\/a><\/td>\n<\/tr>\n<tr>\n<td>Dr. Markus Kratzer<\/td>\n<td>Herstellung einkristalliner Schichten &#8211; Epitaxie<\/td>\n<td><a href=\"https:\/\/online.unileoben.ac.at\/mu_online\/lv.detail?clvnr=3182298%20\" target=\"_blank\">https:\/\/online.unileoben.ac.at\/mu_online\/lv.detail?clvnr=3182298 <\/a><\/td>\n<\/tr>\n<\/tbody>\n<\/table>\n<p>&nbsp;<\/p>\n","protected":false},"excerpt":{"rendered":"<p>Weiterbildung \u00d6GV-Mitglieder bieten im Rahmen ihrer Lehrt\u00e4tigkeit zahlreiche Lehrveranstaltungen an \u00f6sterreichischen Universit\u00e4ten an. Sie finden nachstehend eine Auswahl. Bei Bedarf k\u00f6nnen ausgew\u00e4hlte Lehrinhalte auch in individuellen Kursen angeboten werden. Bei Interesse kontaktieren Sie bitte den Lehrveranstaltungsleiter oder den \u00d6GV-Vorstand. Montanuniversit\u00e4t Leoben Dr. Robert Franz Plasmatechnologie: Grundlagen und Anwendungen \u00a0https:\/\/online.unileoben.ac.at\/mu_online\/lv.detail?clvnr=3181817 Dr. Nina Schalk Oberfl\u00e4chentechnik \u00a0https:\/\/online.unileoben.ac.at\/mu_online\/lv.detail?clvnr=3183333 Prof. [&hellip;]<\/p>\n","protected":false},"author":1,"featured_media":0,"parent":0,"menu_order":0,"comment_status":"closed","ping_status":"closed","template":"","meta":{"footnotes":""},"class_list":["post-543","page","type-page","status-publish","hentry"],"_links":{"self":[{"href":"http:\/\/www.oegv.or.at\/index.php?rest_route=\/wp\/v2\/pages\/543","targetHints":{"allow":["GET"]}}],"collection":[{"href":"http:\/\/www.oegv.or.at\/index.php?rest_route=\/wp\/v2\/pages"}],"about":[{"href":"http:\/\/www.oegv.or.at\/index.php?rest_route=\/wp\/v2\/types\/page"}],"author":[{"embeddable":true,"href":"http:\/\/www.oegv.or.at\/index.php?rest_route=\/wp\/v2\/users\/1"}],"replies":[{"embeddable":true,"href":"http:\/\/www.oegv.or.at\/index.php?rest_route=%2Fwp%2Fv2%2Fcomments&post=543"}],"version-history":[{"count":9,"href":"http:\/\/www.oegv.or.at\/index.php?rest_route=\/wp\/v2\/pages\/543\/revisions"}],"predecessor-version":[{"id":546,"href":"http:\/\/www.oegv.or.at\/index.php?rest_route=\/wp\/v2\/pages\/543\/revisions\/546"}],"wp:attachment":[{"href":"http:\/\/www.oegv.or.at\/index.php?rest_route=%2Fwp%2Fv2%2Fmedia&parent=543"}],"curies":[{"name":"wp","href":"https:\/\/api.w.org\/{rel}","templated":true}]}}